{"id":11,"date":"2022-11-27T17:38:25","date_gmt":"2022-11-27T14:38:25","guid":{"rendered":"https:\/\/www.yavuzselimkilic.com\/yazilar\/?page_id=11"},"modified":"2025-04-16T19:10:52","modified_gmt":"2025-04-16T16:10:52","slug":"muhasebe-hizmetleri","status":"publish","type":"page","link":"https:\/\/www.yavuzselimkilic.com\/yazilar\/hizmetlerimiz\/muhasebe-hizmetleri\/","title":{"rendered":"Muhasebe Hizmetleri"},"content":{"rendered":"<h4>Muhasebe Hizmetleri<\/h4>\n<p>\u015eirketinizin g\u00fcncel mevzuatlara uygun bir \u015fekilde d\u00fczenli olarak masraflar\u0131n\u0131n i\u015flenmesi, faturalar\u0131n\u0131n d\u00fczenlenmesi, tedarik zinciri muhasebe y\u00f6netimi gibi bir\u00e7ok alanda muhasebesini y\u00f6netiyoruz.<\/p>\n<ul>\n<li>Defter Tutma<\/li>\n<li>Muhasebe ve Mali M\u00fc\u015favirlik Hizmetleri<\/li>\n<li>Ger\u00e7ek Ki\u015filerin Vergilendirilmesi<\/li>\n<li>Anonim, Limited ve \u015eah\u0131s \u015eirketleri Kurulu\u015f ve Tasfiye \u0130\u015flemleri<\/li>\n<li>Mali Tablolar Analizi ve Y\u00f6netim Raporlar\u0131<\/li>\n<\/ul>\n","protected":false},"excerpt":{"rendered":"<p>Muhasebe Hizmetleri \u015eirketinizin g\u00fcncel mevzuatlara uygun bir \u015fekilde d\u00fczenli olarak masraflar\u0131n\u0131n i\u015flenmesi, faturalar\u0131n\u0131n d\u00fczenlenmesi, tedarik zinciri muhasebe y\u00f6netimi gibi bir\u00e7ok alanda muhasebesini y\u00f6netiyoruz. Defter Tutma Muhasebe ve Mali M\u00fc\u015favirlik Hizmetleri Ger\u00e7ek Ki\u015filerin Vergilendirilmesi Anonim, Limited ve \u015eah\u0131s \u015eirketleri Kurulu\u015f ve Tasfiye \u0130\u015flemleri Mali Tablolar Analizi ve Y\u00f6netim Raporlar\u0131<\/p>\n","protected":false},"author":1,"featured_media":0,"parent":17,"menu_order":0,"comment_status":"closed","ping_status":"closed","template":"","meta":{"footnotes":""},"class_list":["post-11","page","type-page","status-publish","hentry"],"_links":{"self":[{"href":"https:\/\/www.yavuzselimkilic.com\/yazilar\/wp-json\/wp\/v2\/pages\/11","targetHints":{"allow":["GET"]}}],"collection":[{"href":"https:\/\/www.yavuzselimkilic.com\/yazilar\/wp-json\/wp\/v2\/pages"}],"about":[{"href":"https:\/\/www.yavuzselimkilic.com\/yazilar\/wp-json\/wp\/v2\/types\/page"}],"author":[{"embeddable":true,"href":"https:\/\/www.yavuzselimkilic.com\/yazilar\/wp-json\/wp\/v2\/users\/1"}],"replies":[{"embeddable":true,"href":"https:\/\/www.yavuzselimkilic.com\/yazilar\/wp-json\/wp\/v2\/comments?post=11"}],"version-history":[{"count":4,"href":"https:\/\/www.yavuzselimkilic.com\/yazilar\/wp-json\/wp\/v2\/pages\/11\/revisions"}],"predecessor-version":[{"id":457,"href":"https:\/\/www.yavuzselimkilic.com\/yazilar\/wp-json\/wp\/v2\/pages\/11\/revisions\/457"}],"up":[{"embeddable":true,"href":"https:\/\/www.yavuzselimkilic.com\/yazilar\/wp-json\/wp\/v2\/pages\/17"}],"wp:attachment":[{"href":"https:\/\/www.yavuzselimkilic.com\/yazilar\/wp-json\/wp\/v2\/media?parent=11"}],"curies":[{"name":"wp","href":"https:\/\/api.w.org\/{rel}","templated":true}]}}