{"id":13,"date":"2022-11-27T17:38:46","date_gmt":"2022-11-27T14:38:46","guid":{"rendered":"https:\/\/www.yavuzselimkilic.com\/yazilar\/?page_id=13"},"modified":"2025-04-10T18:50:44","modified_gmt":"2025-04-10T15:50:44","slug":"sgk-ve-bordrolama","status":"publish","type":"page","link":"https:\/\/www.yavuzselimkilic.com\/yazilar\/hizmetlerimiz\/sgk-ve-bordrolama\/","title":{"rendered":"SGK ve Bordrolama"},"content":{"rendered":"<h4>SGK ve Bordrolama<\/h4>\n<p>Kulland\u0131\u011f\u0131m\u0131z yaz\u0131l\u0131m arac\u0131l\u0131\u011f\u0131yla y\u00fcr\u00fcrl\u00fckte olan kanunlardan do\u011fan <em>SGK Te\u015fvik<\/em>lerinizi tespit ederek ayl\u0131k olarak te\u015fvik ba\u015fvurular\u0131n\u0131z\u0131 ger\u00e7ekle\u015ftiriyoruz.<br \/>\n<strong>Personel S\u00f6zle\u015fmeleri<\/strong><br \/>\n\u0130htiya\u00e7 duydu\u011funuz personel s\u00f6zle\u015fmelerini, \u0130\u015f Kanunu ve Ki\u015fisel Verilerin Korunmas\u0131 Kanunu\u2019nda yer alan d\u00fczenlemeleri g\u00f6zeterek sizin i\u00e7in haz\u0131rl\u0131yoruz.<br \/>\n<strong>Bordrolama Hizmetleri<\/strong><br \/>\n\u015eirket personelinin ilgili vergi ve SGK mevzuatlar\u0131na uygun ayl\u0131k bordrolar\u0131n\u0131n, maa\u015f \u00f6deme listelerinin, \u00fccret hesap pusulalar\u0131n\u0131n, muhasebe sistemine at\u0131lmas\u0131 gereken \u00fccret tahakkuk kayd\u0131n\u0131n haz\u0131rlanmas\u0131, personel SGK i\u015fe giri\u015f i\u015ften \u00e7\u0131k\u0131\u015f i\u015flemlerinin ger\u00e7ekle\u015ftirilmesi, personel \u00e7\u0131k\u0131\u015f i\u015flemleri ile ilgili k\u0131dem, ihbar ve izin kar\u015f\u0131l\u0131klar\u0131n\u0131n hesaplanmas\u0131 ve benzeri t\u00fcm bordrolama hizmetlerini sunuyoruz.<\/p>\n","protected":false},"excerpt":{"rendered":"<p>SGK ve Bordrolama Kulland\u0131\u011f\u0131m\u0131z yaz\u0131l\u0131m arac\u0131l\u0131\u011f\u0131yla y\u00fcr\u00fcrl\u00fckte olan kanunlardan do\u011fan SGK Te\u015fviklerinizi tespit ederek ayl\u0131k olarak te\u015fvik ba\u015fvurular\u0131n\u0131z\u0131 ger\u00e7ekle\u015ftiriyoruz. Personel S\u00f6zle\u015fmeleri \u0130htiya\u00e7 duydu\u011funuz personel s\u00f6zle\u015fmelerini, \u0130\u015f Kanunu ve Ki\u015fisel Verilerin Korunmas\u0131 Kanunu\u2019nda yer alan d\u00fczenlemeleri g\u00f6zeterek sizin i\u00e7in haz\u0131rl\u0131yoruz. Bordrolama Hizmetleri \u015eirket personelinin ilgili vergi ve SGK mevzuatlar\u0131na uygun ayl\u0131k bordrolar\u0131n\u0131n, maa\u015f \u00f6deme listelerinin, \u00fccret [&hellip;]<\/p>\n","protected":false},"author":1,"featured_media":0,"parent":17,"menu_order":0,"comment_status":"closed","ping_status":"closed","template":"","meta":{"footnotes":""},"class_list":["post-13","page","type-page","status-publish","hentry"],"_links":{"self":[{"href":"https:\/\/www.yavuzselimkilic.com\/yazilar\/wp-json\/wp\/v2\/pages\/13","targetHints":{"allow":["GET"]}}],"collection":[{"href":"https:\/\/www.yavuzselimkilic.com\/yazilar\/wp-json\/wp\/v2\/pages"}],"about":[{"href":"https:\/\/www.yavuzselimkilic.com\/yazilar\/wp-json\/wp\/v2\/types\/page"}],"author":[{"embeddable":true,"href":"https:\/\/www.yavuzselimkilic.com\/yazilar\/wp-json\/wp\/v2\/users\/1"}],"replies":[{"embeddable":true,"href":"https:\/\/www.yavuzselimkilic.com\/yazilar\/wp-json\/wp\/v2\/comments?post=13"}],"version-history":[{"count":7,"href":"https:\/\/www.yavuzselimkilic.com\/yazilar\/wp-json\/wp\/v2\/pages\/13\/revisions"}],"predecessor-version":[{"id":460,"href":"https:\/\/www.yavuzselimkilic.com\/yazilar\/wp-json\/wp\/v2\/pages\/13\/revisions\/460"}],"up":[{"embeddable":true,"href":"https:\/\/www.yavuzselimkilic.com\/yazilar\/wp-json\/wp\/v2\/pages\/17"}],"wp:attachment":[{"href":"https:\/\/www.yavuzselimkilic.com\/yazilar\/wp-json\/wp\/v2\/media?parent=13"}],"curies":[{"name":"wp","href":"https:\/\/api.w.org\/{rel}","templated":true}]}}